{"id":7338,"date":"2026-03-24T20:33:07","date_gmt":"2026-03-24T20:33:07","guid":{"rendered":"https:\/\/www.4point7.eu\/?page_id=7338"},"modified":"2026-03-24T20:33:07","modified_gmt":"2026-03-24T20:33:07","slug":"mentions-legales","status":"publish","type":"page","link":"https:\/\/www.4point7.eu\/?page_id=7338&lang=fr","title":{"rendered":"Mentions l\u00e9gales"},"content":{"rendered":"<h1>Mentions l\u00e9gales<\/h1>\n<p>4point7 Collective UG (haftungsbeschr\u00e4nkt)<br \/>\nKamerunstra\u00dfe 24<br \/>\n50733 K\u00f6ln<\/p>\n<p>Registre du commerce : HRB126550<br \/>\nTribunal d&#8217;enregistrement : K\u00f6ln<\/p>\n<p>Repr\u00e9sent\u00e9e par :<br \/>\nJan Lukas Winter<\/p>\n<h2>Contact<\/h2>\n<p>T\u00e9l\u00e9phone : 01734217831<br \/>\nE-mail : mail@4point7.eu<\/p>\n<h2>Num\u00e9ro d&#8217;identification TVA<\/h2>\n<p>Num\u00e9ro d&#8217;identification TVA conform\u00e9ment \u00e0 l&#8217;article 27 a de la loi sur la TVA :<br \/>\nDE460392475<\/p>\n<h2>Responsable \u00e9ditorial<\/h2>\n<p>Jan Lukas Winter<\/p>\n<h2>R\u00e8glement des litiges de consommation\/Organisme de m\u00e9diation universel<\/h2>\n<p>Nous ne sommes ni dispos\u00e9s ni tenus de participer \u00e0 une proc\u00e9dure de r\u00e8glement des litiges devant un<br \/>organisme de m\u00e9diation de consommation.<\/p>\n<p><a href=\"https:\/\/www.e-recht24.de\">Source : eRecht24<\/a><\/p>\n","protected":false},"excerpt":{"rendered":"<p>Mentions l\u00e9gales 4point7 Collective UG (haftungsbeschr\u00e4nkt) Kamerunstra\u00dfe 24 50733 K\u00f6ln Registre du commerce : HRB126550 Tribunal d&#8217;enregistrement : K\u00f6ln Repr\u00e9sent\u00e9e par : Jan Lukas Winter Contact T\u00e9l\u00e9phone : 01734217831 E-mail &#8230;<\/p>\n","protected":false},"author":1,"featured_media":0,"parent":0,"menu_order":0,"comment_status":"closed","ping_status":"closed","template":"","meta":{"footnotes":""},"class_list":["post-7338","page","type-page","status-publish","hentry"],"_links":{"self":[{"href":"https:\/\/www.4point7.eu\/index.php?rest_route=\/wp\/v2\/pages\/7338","targetHints":{"allow":["GET"]}}],"collection":[{"href":"https:\/\/www.4point7.eu\/index.php?rest_route=\/wp\/v2\/pages"}],"about":[{"href":"https:\/\/www.4point7.eu\/index.php?rest_route=\/wp\/v2\/types\/page"}],"author":[{"embeddable":true,"href":"https:\/\/www.4point7.eu\/index.php?rest_route=\/wp\/v2\/users\/1"}],"replies":[{"embeddable":true,"href":"https:\/\/www.4point7.eu\/index.php?rest_route=%2Fwp%2Fv2%2Fcomments&post=7338"}],"version-history":[{"count":0,"href":"https:\/\/www.4point7.eu\/index.php?rest_route=\/wp\/v2\/pages\/7338\/revisions"}],"wp:attachment":[{"href":"https:\/\/www.4point7.eu\/index.php?rest_route=%2Fwp%2Fv2%2Fmedia&parent=7338"}],"curies":[{"name":"wp","href":"https:\/\/api.w.org\/{rel}","templated":true}]}}