{"id":7335,"date":"2026-03-24T20:28:03","date_gmt":"2026-03-24T20:28:03","guid":{"rendered":"https:\/\/www.4point7.eu\/?page_id=7335"},"modified":"2026-03-24T20:28:03","modified_gmt":"2026-03-24T20:28:03","slug":"impressum","status":"publish","type":"page","link":"https:\/\/www.4point7.eu\/?page_id=7335&lang=de","title":{"rendered":"Impressum"},"content":{"rendered":"<h1>Impressum<\/h1>\n<p>4point7 Collective UG (haftungsbeschr\u00e4nkt)<br \/>\nKamerunstra\u00dfe 24<br \/>\n50733 K\u00f6ln<\/p>\n<p>Handelsregister: HRB126550<br \/>\nRegistergericht: K\u00f6ln<\/p>\n<p><strong>Vertreten durch:<\/strong><br \/>\nJan Lukas Winter<\/p>\n<h2>Kontakt<\/h2>\n<p>Telefon: 01734217831<br \/>\nE-Mail: mail@4point7.eu<\/p>\n<h2>Umsatzsteuer-ID<\/h2>\n<p>Umsatzsteuer-Identifikationsnummer gem\u00e4\u00df \u00a7 27 a Umsatzsteuergesetz:<br \/>\nDE460392475<\/p>\n<h2>Redaktionell verantwortlich<\/h2>\n<p>Jan Lukas Winter<\/p>\n<h2>Verbraucher\u00adstreit\u00adbeilegung\/Universal\u00adschlichtungs\u00adstelle<\/h2>\n<p>Wir sind nicht bereit oder verpflichtet, an Streitbeilegungsverfahren vor einer Verbraucherschlichtungsstelle teilzunehmen.<\/p>\n<p>Quelle: <a href=\"https:\/\/www.e-recht24.de\">eRecht24<\/a><\/p>\n","protected":false},"excerpt":{"rendered":"<p>Impressum 4point7 Collective UG (haftungsbeschr\u00e4nkt) Kamerunstra\u00dfe 24 50733 K\u00f6ln Handelsregister: HRB126550 Registergericht: K\u00f6ln Vertreten durch: Jan Lukas Winter Kontakt Telefon: 01734217831 E-Mail: mail@4point7.eu Umsatzsteuer-ID Umsatzsteuer-Identifikationsnummer gem\u00e4\u00df \u00a7 27 a Umsatzsteuergesetz: &#8230;<\/p>\n","protected":false},"author":1,"featured_media":0,"parent":0,"menu_order":0,"comment_status":"closed","ping_status":"closed","template":"","meta":{"footnotes":""},"class_list":["post-7335","page","type-page","status-publish","hentry"],"_links":{"self":[{"href":"https:\/\/www.4point7.eu\/index.php?rest_route=\/wp\/v2\/pages\/7335","targetHints":{"allow":["GET"]}}],"collection":[{"href":"https:\/\/www.4point7.eu\/index.php?rest_route=\/wp\/v2\/pages"}],"about":[{"href":"https:\/\/www.4point7.eu\/index.php?rest_route=\/wp\/v2\/types\/page"}],"author":[{"embeddable":true,"href":"https:\/\/www.4point7.eu\/index.php?rest_route=\/wp\/v2\/users\/1"}],"replies":[{"embeddable":true,"href":"https:\/\/www.4point7.eu\/index.php?rest_route=%2Fwp%2Fv2%2Fcomments&post=7335"}],"version-history":[{"count":1,"href":"https:\/\/www.4point7.eu\/index.php?rest_route=\/wp\/v2\/pages\/7335\/revisions"}],"predecessor-version":[{"id":7336,"href":"https:\/\/www.4point7.eu\/index.php?rest_route=\/wp\/v2\/pages\/7335\/revisions\/7336"}],"wp:attachment":[{"href":"https:\/\/www.4point7.eu\/index.php?rest_route=%2Fwp%2Fv2%2Fmedia&parent=7335"}],"curies":[{"name":"wp","href":"https:\/\/api.w.org\/{rel}","templated":true}]}}