{"id":3199,"date":"2025-04-16T20:12:48","date_gmt":"2025-04-16T20:12:48","guid":{"rendered":"https:\/\/www.4point7.eu\/?page_id=3199"},"modified":"2025-04-16T20:12:48","modified_gmt":"2025-04-16T20:12:48","slug":"notre-philosophie","status":"publish","type":"page","link":"https:\/\/www.4point7.eu\/?page_id=3199&lang=fr","title":{"rendered":"Notre philosophie"},"content":{"rendered":"<h1>On ne demande plus la permission \u2013 on tourne simplement !<\/h1>\n<p><img loading=\"lazy\" decoding=\"async\" class=\"alignnone wp-image-3185 size-large\" src=\"https:\/\/www.4point7.eu\/wp-content\/uploads\/2025\/04\/DSC00141-e1744833564974.jpg\" alt=\"\" width=\"800\" height=\"383\" srcset=\"https:\/\/www.4point7.eu\/wp-content\/uploads\/2025\/04\/DSC00141-e1744833564974.jpg 2000w, https:\/\/www.4point7.eu\/wp-content\/uploads\/2025\/04\/DSC00141-e1744833564974-300x144.jpg 300w, https:\/\/www.4point7.eu\/wp-content\/uploads\/2025\/04\/DSC00141-e1744833564974-1024x490.jpg 1024w, https:\/\/www.4point7.eu\/wp-content\/uploads\/2025\/04\/DSC00141-e1744833564974-768x367.jpg 768w, https:\/\/www.4point7.eu\/wp-content\/uploads\/2025\/04\/DSC00141-e1744833564974-1536x735.jpg 1536w\" sizes=\"auto, (max-width: 800px) 100vw, 800px\" \/><\/p>\n<h4>Pourquoi est-ce que seuls des hommes (et des femmes) \u00e2g\u00e9s dans des bureaux ennuyeux auraient le droit de d\u00e9cider ce qui est de l&#8217;art et ce qu&#8217;on peut filmer ? Presque toutes les id\u00e9es sont rejet\u00e9es \u2013 ce qui reste, ce ne sont pas les meilleurs projets, mais toujours les m\u00eames polars et les histoires kitsch sur des croisi\u00e8res.<\/h4>\n<h3>L\u2019\u00e9poque des gardiens du temple est termin\u00e9e !<\/h3>\n<p>Il n&#8217;y a jamais eu de meilleur moment pour faire des films et des s\u00e9ries de mani\u00e8re ind\u00e9pendante. La technologie n&#8217;a jamais \u00e9t\u00e9 aussi abordable et performante. Des productions de haute qualit\u00e9 sont possibles m\u00eame avec de petits budgets. Aujourd&#8217;hui, on n&#8217;a plus forc\u00e9ment besoin d&#8217;une cha\u00eene de t\u00e9l\u00e9 ou d&#8217;un distributeur. Et surtout, on n\u2019a plus besoin qu\u2019on nous explique pourquoi nos id\u00e9es ne fonctionneraient pas.<\/p>\n<h3>Notre philosophie : professionnel, \u00e9quitable, transparent<\/h3>\n<p>Nous filmons par passion, et nous savons que travailler sans budget est un privil\u00e8ge. Tout le monde ne peut pas se permettre de travailler gratuitement. Mais lorsque l&#8217;alternative est de ne rien faire, nous choisissons l&#8217;id\u00e9alisme. Notre temps est trop pr\u00e9cieux pour simplement attendre.<\/p>\n<p>M\u00eame avec peu de moyens, nous tenons \u00e0 des standards professionnels \u00e9lev\u00e9s. La s\u00e9curit\u00e9 et la confiance sont nos priorit\u00e9s absolues. C\u2019est pourquoi nous collaborons syst\u00e9matiquement avec des coordinateurs d&#8217;intimit\u00e9 pour les sc\u00e8nes sensibles. Nous \u00e9vitons volontairement les cascades compliqu\u00e9es et les effets sp\u00e9ciaux co\u00fbteux. Nos histoires viennent directement du quotidien \u2013 authentiques et simples.<\/p>\n<p>Toutes les personnes impliqu\u00e9es re\u00e7oivent une indemnisation juste, un paiement diff\u00e9r\u00e9 ou une participation au produit final.<\/p>\n<h3>Qui sommes-nous ?<\/h3>\n<p>Nous sommes une dizaine de jeunes cin\u00e9astes qui se sont rencontr\u00e9s dans une \u00e9cole de cin\u00e9ma en Angleterre. Nous gagnons notre vie dans le cin\u00e9ma et la t\u00e9l\u00e9vision, mais nous avons envie de concr\u00e9tiser enfin nos propres projets. Gr\u00e2ce \u00e0 notre large inventaire d\u2019\u00e9quipements professionnels, nous \u00e9conomisons presque tous les co\u00fbts de mat\u00e9riel. Il ne nous reste donc plus que les acteurs et les lieux de tournage comme grandes d\u00e9penses \u2013 et cela, nous l\u2019avons d\u00e9j\u00e0 fait plusieurs fois avec succ\u00e8s. Peut-\u00eatre rejoindrez-vous notre prochain projet ?<\/p>\n<h3>Notre organisation :<\/h3>\n<p>Nous avons fond\u00e9 une petite soci\u00e9t\u00e9 de production pendant nos \u00e9tudes en Angleterre. Cela facilite la gestion des financements et des droits d&#8217;auteur. Apr\u00e8s le Brexit, nous travaillons principalement dans l&#8217;UE et transformons actuellement notre Limited britannique en une UG allemande. Ainsi, nous sommes organis\u00e9s professionnellement et juridiquement s\u00e9curis\u00e9s.<\/p>\n","protected":false},"excerpt":{"rendered":"<p>On ne demande plus la permission \u2013 on tourne simplement ! Pourquoi est-ce que seuls des hommes (et des femmes) \u00e2g\u00e9s dans des bureaux ennuyeux auraient le droit de d\u00e9cider &#8230;<\/p>\n","protected":false},"author":1,"featured_media":0,"parent":0,"menu_order":0,"comment_status":"closed","ping_status":"closed","template":"","meta":{"footnotes":""},"class_list":["post-3199","page","type-page","status-publish","hentry"],"_links":{"self":[{"href":"https:\/\/www.4point7.eu\/index.php?rest_route=\/wp\/v2\/pages\/3199","targetHints":{"allow":["GET"]}}],"collection":[{"href":"https:\/\/www.4point7.eu\/index.php?rest_route=\/wp\/v2\/pages"}],"about":[{"href":"https:\/\/www.4point7.eu\/index.php?rest_route=\/wp\/v2\/types\/page"}],"author":[{"embeddable":true,"href":"https:\/\/www.4point7.eu\/index.php?rest_route=\/wp\/v2\/users\/1"}],"replies":[{"embeddable":true,"href":"https:\/\/www.4point7.eu\/index.php?rest_route=%2Fwp%2Fv2%2Fcomments&post=3199"}],"version-history":[{"count":3,"href":"https:\/\/www.4point7.eu\/index.php?rest_route=\/wp\/v2\/pages\/3199\/revisions"}],"predecessor-version":[{"id":3204,"href":"https:\/\/www.4point7.eu\/index.php?rest_route=\/wp\/v2\/pages\/3199\/revisions\/3204"}],"wp:attachment":[{"href":"https:\/\/www.4point7.eu\/index.php?rest_route=%2Fwp%2Fv2%2Fmedia&parent=3199"}],"curies":[{"name":"wp","href":"https:\/\/api.w.org\/{rel}","templated":true}]}}