{"id":3180,"date":"2025-04-16T20:11:58","date_gmt":"2025-04-16T20:11:58","guid":{"rendered":"https:\/\/www.4point7.eu\/?page_id=3180"},"modified":"2025-04-16T20:12:30","modified_gmt":"2025-04-16T20:12:30","slug":"unsere-philosophie","status":"publish","type":"page","link":"https:\/\/www.4point7.eu\/?page_id=3180&lang=de","title":{"rendered":"Unsere Philosophie"},"content":{"rendered":"<h1>Wir fragen nicht mehr um Erlaubnis \u2013 wir drehen einfach!<\/h1>\n<p><img decoding=\"async\" class=\" wp-image-3185 aligncenter\" src=\"https:\/\/www.4point7.eu\/wp-content\/uploads\/2025\/04\/DSC00141-e1744833564974.jpg\" alt=\"\" width=\"100%\" height=\"auto\" srcset=\"https:\/\/www.4point7.eu\/wp-content\/uploads\/2025\/04\/DSC00141-e1744833564974.jpg 2000w, https:\/\/www.4point7.eu\/wp-content\/uploads\/2025\/04\/DSC00141-e1744833564974-300x144.jpg 300w, https:\/\/www.4point7.eu\/wp-content\/uploads\/2025\/04\/DSC00141-e1744833564974-1024x490.jpg 1024w, https:\/\/www.4point7.eu\/wp-content\/uploads\/2025\/04\/DSC00141-e1744833564974-768x367.jpg 768w, https:\/\/www.4point7.eu\/wp-content\/uploads\/2025\/04\/DSC00141-e1744833564974-1536x735.jpg 1536w\" sizes=\"(max-width: 2000px) 100vw, 2000px\" \/><\/p>\n<h4>Warum sollten nur alte, wei\u00dfe M\u00e4nner (und Frauen) in langweiligen B\u00fcros bestimmen, was Kunst ist und was gedreht werden darf? Fast alle Ideen werden abgelehnt \u2013 \u00fcbrig bleiben nicht etwa die besten, sondern immer wieder dieselben Krimis und Kreuzfahrt-Kitsch.<\/h4>\n<h3>Die Zeit der Gatekeeper ist vorbei!<\/h3>\n<p>Heute ist die beste Zeit, um Filme und Serien selbst in die Hand zu nehmen. Die Technik war noch nie g\u00fcnstiger und besser. Hochwertige Produktionen sind auch mit kleinem Budget m\u00f6glich. Einen Sender oder Verleiher braucht man daf\u00fcr l\u00e4ngst nicht mehr unbedingt. Niemand muss sich mehr anh\u00f6ren, warum die eigenen Ideen angeblich nicht funktionieren.<\/p>\n<h3>Unsere Philosophie: Professionell, Fair, Transparent<\/h3>\n<p>Wir drehen aus Leidenschaft und wissen: Projekte ohne Budget sind ein Privileg. Nicht jeder kann auf Gagen verzichten. Aber wenn die Alternative bedeutet, gar nichts zu machen, entscheiden wir uns f\u00fcr Idealismus. Unsere Zeit ist zu wertvoll, um nur zu warten.<\/p>\n<p>Trotz wenig Geld legen wir gro\u00dfen Wert auf professionelle Standards. Sicherheit und Vertrauen stehen f\u00fcr uns ganz oben. Deshalb arbeiten wir mit einer Intimit\u00e4tskoordination f\u00fcr sensible Szenen. Auf komplizierte Stunts und teure Spezialeffekte verzichten wir bewusst. Unsere Geschichten kommen direkt aus dem Alltag \u2013 authentisch und unkompliziert.<\/p>\n<p>Alle Mitwirkenden erhalten eine faire Aufwandsentsch\u00e4digung, R\u00fcckstellungen oder Beteiligungen am Endprodukt.<\/p>\n<h3>Wer wir sind?<\/h3>\n<p>Wir sind rund 10 junge Filmemacherinnen, die sich an einer Filmschule in England kennengelernt haben. Wir verdienen unser Geld in Film und Fernsehen, wollen aber endlich auch eigene Ideen verwirklichen. Unser gro\u00dfes, professionelles Techniklager erm\u00f6glicht es uns, fast alle Equipment-Kosten einzusparen. So bleiben uns nur noch Schauspielerinnen und Locations als gr\u00f6\u00dfere Ausgaben \u2013 und das haben wir bereits mehrfach geschafft. Vielleicht bist du beim n\u00e4chsten Projekt mit dabei?<\/p>\n<h3>Wie wir organisiert sind:<\/h3>\n<p>W\u00e4hrend unseres Studiums in England haben wir eine kleine Produktionsfirma gegr\u00fcndet. Das vereinfacht die Organisation von F\u00f6rderungen und Urheberrechten. Nach dem Brexit arbeiten wir haupts\u00e4chlich in der EU und wandeln unsere britische Limited gerade in eine deutsche UG um. So sind wir professionell aufgestellt und rechtlich abgesichert.<\/p>\n","protected":false},"excerpt":{"rendered":"<p>Wir fragen nicht mehr um Erlaubnis \u2013 wir drehen einfach! Warum sollten nur alte, wei\u00dfe M\u00e4nner (und Frauen) in langweiligen B\u00fcros bestimmen, was Kunst ist und was gedreht werden darf? &#8230;<\/p>\n","protected":false},"author":1,"featured_media":0,"parent":0,"menu_order":0,"comment_status":"closed","ping_status":"closed","template":"","meta":{"footnotes":""},"class_list":["post-3180","page","type-page","status-publish","hentry"],"_links":{"self":[{"href":"https:\/\/www.4point7.eu\/index.php?rest_route=\/wp\/v2\/pages\/3180","targetHints":{"allow":["GET"]}}],"collection":[{"href":"https:\/\/www.4point7.eu\/index.php?rest_route=\/wp\/v2\/pages"}],"about":[{"href":"https:\/\/www.4point7.eu\/index.php?rest_route=\/wp\/v2\/types\/page"}],"author":[{"embeddable":true,"href":"https:\/\/www.4point7.eu\/index.php?rest_route=\/wp\/v2\/users\/1"}],"replies":[{"embeddable":true,"href":"https:\/\/www.4point7.eu\/index.php?rest_route=%2Fwp%2Fv2%2Fcomments&post=3180"}],"version-history":[{"count":7,"href":"https:\/\/www.4point7.eu\/index.php?rest_route=\/wp\/v2\/pages\/3180\/revisions"}],"predecessor-version":[{"id":3200,"href":"https:\/\/www.4point7.eu\/index.php?rest_route=\/wp\/v2\/pages\/3180\/revisions\/3200"}],"wp:attachment":[{"href":"https:\/\/www.4point7.eu\/index.php?rest_route=%2Fwp%2Fv2%2Fmedia&parent=3180"}],"curies":[{"name":"wp","href":"https:\/\/api.w.org\/{rel}","templated":true}]}}